{"id":2872,"date":"2024-01-26T20:06:58","date_gmt":"2024-01-26T16:06:58","guid":{"rendered":"https:\/\/meunier.point-virgule.biz\/chamfering-machine\/"},"modified":"2025-09-23T22:44:16","modified_gmt":"2025-09-23T18:44:16","slug":"chamfering-machine","status":"publish","type":"page","link":"https:\/\/outillagemeunier.com\/en\/chamfering-machine\/","title":{"rendered":"Chamfering Machine"},"content":{"rendered":"<p>[et_pb_section fb_built=&#8221;1&#8243; _builder_version=&#8221;4.24.0&#8243; _module_preset=&#8221;default&#8221; background_color=&#8221;#e50012&#8243; background_image=&#8221;https:\/\/outillagemeunier.com\/wp-content\/uploads\/2024\/01\/iStock-1253592157-scaled.jpg&#8221; background_blend=&#8221;multiply&#8221; custom_padding=&#8221;5px||17px|||&#8221; global_colors_info=&#8221;{}&#8221;][et_pb_row _builder_version=&#8221;4.23.4&#8243; _module_preset=&#8221;default&#8221; min_height=&#8221;76.6px&#8221; custom_padding=&#8221;||2px|||&#8221; global_colors_info=&#8221;{}&#8221;][et_pb_column type=&#8221;4_4&#8243; _builder_version=&#8221;4.23.4&#8243; _module_preset=&#8221;default&#8221; global_colors_info=&#8221;{}&#8221;][et_pb_text _builder_version=&#8221;4.24.0&#8243; _module_preset=&#8221;default&#8221; header_text_align=&#8221;center&#8221; header_text_color=&#8221;#FFFFFF&#8221; header_text_shadow_style=&#8221;preset3&#8243; global_colors_info=&#8221;{}&#8221;]<\/p>\n<h1>TOOLS<\/h1>\n<p>[\/et_pb_text][\/et_pb_column][\/et_pb_row][\/et_pb_section][et_pb_section fb_built=&#8221;1&#8243; specialty=&#8221;on&#8221; disabled_on=&#8221;off|off|off&#8221; _builder_version=&#8221;4.24.0&#8243; _module_preset=&#8221;default&#8221; custom_padding=&#8221;15px|||||&#8221; global_colors_info=&#8221;{}&#8221;][et_pb_column type=&#8221;1_4&#8243; _builder_version=&#8221;4.16&#8243; custom_padding=&#8221;|||&#8221; global_colors_info=&#8221;{}&#8221; custom_padding__hover=&#8221;|||&#8221;][et_pb_text disabled_on=&#8221;on|off|off&#8221; _builder_version=&#8221;4.27.4&#8243; _module_preset=&#8221;default&#8221; text_font=&#8221;|700|||||||&#8221; text_font_size=&#8221;14px&#8221; text_line_height=&#8221;1.8em&#8221; custom_padding=&#8221;12px|12px|12px|12px|true|true&#8221; hover_enabled=&#8221;0&#8243; border_width_left=&#8221;5px&#8221; border_color_left=&#8221;#e50012&#8243; box_shadow_style=&#8221;preset1&#8243; global_colors_info=&#8221;{}&#8221; sticky_enabled=&#8221;0&#8243; locked=&#8221;off&#8221;]<\/p>\n<p><a href=\"https:\/\/outillagemeunier.com\/en\/cordless-impact-wrench\/\">Cordless Impact Wrench<\/a><br \/><a href=\"https:\/\/outillagemeunier.com\/en\/chamfering-machine\/\">Chamfering Machine<\/a><br \/><a href=\"https:\/\/outillagemeunier.com\/en\/annular-knives\/\">Annular Knives<\/a><br \/><a href=\"https:\/\/outillagemeunier.com\/en\/generators\/\">Generator<\/a><br \/><a href=\"https:\/\/outillagemeunier.com\/en\/bits-drills-and-sharpener\/\">Bits, Drills and Sharpener<\/a><br \/><a href=\"https:\/\/outillagemeunier.com\/en\/sanding-and-notching-modules\/\">Sanding Module<\/a><br \/><a href=\"https:\/\/outillagemeunier.com\/en\/industrial-ultrasonic-cleaner\/\">Industrial Ultrasonic Cleaner<\/a><br \/><a href=\"https:\/\/outillagemeunier.com\/en\/precision-tools\/\">Precision Tools<\/a><br \/><a href=\"https:\/\/outillagemeunier.com\/en\/magnetic-drills\/\">Magnetic Drills<\/a><br \/><a href=\"https:\/\/outillagemeunier.com\/en\/grinder\/\">Grinder<\/a><br \/><a href=\"https:\/\/outillagemeunier.com\/en\/welding-and-torches\/\">Welding and Torches<\/a><br \/><a href=\"https:\/\/outillagemeunier.com\/en\/saws-band-saws-and-chainsaws\/\">Saw, Band Saw and Cut-Off Saw<\/a><br \/><a href=\"https:\/\/outillagemeunier.com\/en\/industrial-hydraulic-cylinders\/\">Industrial Hydraulic Cylinders<\/a><\/p>\n<p>[\/et_pb_text][\/et_pb_column][et_pb_column type=&#8221;3_4&#8243; specialty_columns=&#8221;3&#8243; _builder_version=&#8221;4.16&#8243; custom_padding=&#8221;|||&#8221; global_colors_info=&#8221;{}&#8221; custom_padding__hover=&#8221;|||&#8221;][et_pb_row_inner _builder_version=&#8221;4.24.0&#8243; _module_preset=&#8221;default&#8221; custom_padding=&#8221;9px||17px|||&#8221; global_colors_info=&#8221;{}&#8221;][et_pb_column_inner saved_specialty_column_type=&#8221;3_4&#8243; _builder_version=&#8221;4.24.0&#8243; _module_preset=&#8221;default&#8221; global_colors_info=&#8221;{}&#8221;][et_pb_text _builder_version=&#8221;4.24.0&#8243; _dynamic_attributes=&#8221;content&#8221; _module_preset=&#8221;default&#8221; header_text_align=&#8221;center&#8221; header_text_color=&#8221;#000000&#8243; custom_margin=&#8221;||-6px|||&#8221; locked=&#8221;off&#8221; global_colors_info=&#8221;{}&#8221;]@ET-DC@eyJkeW5hbWljIjp0cnVlLCJjb250ZW50IjoicG9zdF90aXRsZSIsInNldHRpbmdzIjp7ImJlZm9yZSI6IjxoMT4iLCJhZnRlciI6IjwvaDE+In19@[\/et_pb_text][\/et_pb_column_inner][\/et_pb_row_inner][et_pb_row_inner _builder_version=&#8221;4.24.0&#8243; _module_preset=&#8221;default&#8221; custom_padding=&#8221;8px|||||&#8221; global_colors_info=&#8221;{}&#8221;][et_pb_column_inner saved_specialty_column_type=&#8221;3_4&#8243; _builder_version=&#8221;4.24.0&#8243; _module_preset=&#8221;default&#8221; global_colors_info=&#8221;{}&#8221;][et_pb_text _builder_version=&#8221;4.24.0&#8243; _module_preset=&#8221;default&#8221; text_font=&#8221;Gotham medium||||||||&#8221; global_colors_info=&#8221;{}&#8221;]<\/p>\n<p style=\"text-align: center;\"><span>This tool can bevel straight edges, contours and cutouts. Chamfering machines bring innovation and a revolutionary new solution to chamfering.<\/span><span> <br \/><\/span><span><\/span><\/p>\n<p style=\"text-align: center;\"><span>This new technology allows you to bevel steel plates much faster and with a better finish than with a conventional grinding machine.<\/span> <span>Adjusting the size of the chamfer requires no tools.<\/span><\/p>\n<p style=\"text-align: center;\"><span>Interchangeable head for bevels of<span class=\"Apple-converted-space\"> <\/span>30\u00b0 &#8211; 37.5\u00b0 &#8211; 45\u00b0 &#8211; 50\u00b0 &#8211; 60\u00b0<br \/>Ideal for various steels, aluminium and other materials.<\/span><\/p>\n<p>[\/et_pb_text][\/et_pb_column_inner][\/et_pb_row_inner][et_pb_row_inner column_structure=&#8221;1_2,1_2&#8243; _builder_version=&#8221;4.27.4&#8243; _module_preset=&#8221;default&#8221; custom_margin=&#8221;||24px||false|false&#8221; custom_padding=&#8221;|12px||6px|false|false&#8221; border_width_all=&#8221;1px&#8221; global_colors_info=&#8221;{}&#8221;][et_pb_column_inner type=&#8221;1_2&#8243; saved_specialty_column_type=&#8221;3_4&#8243; _builder_version=&#8221;4.27.4&#8243; _module_preset=&#8221;default&#8221; global_colors_info=&#8221;{}&#8221;][et_pb_image src=&#8221;https:\/\/outillagemeunier.com\/wp-content\/uploads\/2025\/06\/AKFH-18-5-T.jpg&#8221; title_text=&#8221;Screenshot&#8221; _builder_version=&#8221;4.27.4&#8243; _module_preset=&#8221;default&#8221; global_colors_info=&#8221;{}&#8221;][\/et_pb_image][\/et_pb_column_inner][et_pb_column_inner type=&#8221;1_2&#8243; saved_specialty_column_type=&#8221;3_4&#8243; _builder_version=&#8221;4.27.4&#8243; _module_preset=&#8221;default&#8221; global_colors_info=&#8221;{}&#8221;][et_pb_text _builder_version=&#8221;4.27.4&#8243; _module_preset=&#8221;default&#8221; global_colors_info=&#8221;{}&#8221;]<\/p>\n<h2>AKFH 18-5 T<\/h2>\n<p><strong>18V Cordless variable speed beveler<\/strong><\/p>\n<p>TECHNICAL SPECIFICATIONS<br \/>Bevel length Max 3\/16\u201d (5mm) at 45\u00b0<br \/>Bevel height Max 1\/8\u201d (0.5cm) at 45\u00b0<br \/>Bevel angle 45\u00b0 <br \/>Radius 3\/32\u201d (2.5 mm)<br \/>Milling head equipment 3 x SX insert<br \/>Support plate diameter 3-7\/8\u201d (9.8 cm)<br \/>Battery Voltage 18 V<br \/>No-load speed 2,400\u20137,500 rpm<br \/>Weight without battery 5.29 lbs. (2.4 kg)<br \/>Part number 7 138 02 62 09 0<\/p>\n<p>[\/et_pb_text][\/et_pb_column_inner][\/et_pb_row_inner][et_pb_row_inner column_structure=&#8221;1_2,1_2&#8243; _builder_version=&#8221;4.27.4&#8243; _module_preset=&#8221;default&#8221; custom_margin=&#8221;||24px||false|false&#8221; custom_padding=&#8221;|12px||6px|false|false&#8221; border_width_all=&#8221;1px&#8221; global_colors_info=&#8221;{}&#8221;][et_pb_column_inner type=&#8221;1_2&#8243; saved_specialty_column_type=&#8221;3_4&#8243; _builder_version=&#8221;4.27.4&#8243; _module_preset=&#8221;default&#8221; global_colors_info=&#8221;{}&#8221;][et_pb_image src=&#8221;https:\/\/outillagemeunier.com\/wp-content\/uploads\/2025\/06\/KFH-17-8-RT.jpg&#8221; title_text=&#8221;Screenshot&#8221; _builder_version=&#8221;4.27.4&#8243; _module_preset=&#8221;default&#8221; global_colors_info=&#8221;{}&#8221;][\/et_pb_image][\/et_pb_column_inner][et_pb_column_inner type=&#8221;1_2&#8243; saved_specialty_column_type=&#8221;3_4&#8243; _builder_version=&#8221;4.27.4&#8243; _module_preset=&#8221;default&#8221; global_colors_info=&#8221;{}&#8221;][et_pb_text _builder_version=&#8221;4.27.4&#8243; _module_preset=&#8221;default&#8221; global_colors_info=&#8221;{}&#8221;]<\/p>\n<h2 align=\"left\">KFH17-8 RT<\/h2>\n<p><strong>Variable speed beveler with booster technology<\/strong><\/p>\n<p data-placeholder=\"Traduction\" id=\"tw-target-text\" data-ved=\"2ahUKEwiy_a-orNqNAxWuLFkFHUCfHT8Q3ewLegQICxAV\" dir=\"ltr\" aria-label=\"Texte traduit : CARACT\u00c9RISTIQUES TECHNIQUES KFH 17-8 RT Longueur de chanfrein : 8 mm max. \u00e0 45\u00b0 Hauteur de chanfrein : 6 mm max. \u00e0 45\u00b0 Angle de chanfrein : 30\u00b0 \/ 37,5\u00b0 \/ 45\u00b0 Rayon : 3 mm, 4 mm T\u00eate de fraisage : 3 plaquettes KX Diam\u00e8tre de la plaque de support : 118 mm Puissance : 1 500 W Courant : 13 A Vitesse \u00e0 vide : 2 300\u20137 500 tr\/min Poids : 4,6 kg R\u00e9f\u00e9rence : 7 238 17 61 09 0\"><span lang=\"fr\">TECHNICAL SPECIFICATIONS<br \/><\/span><span lang=\"fr\">Bevel length Max. 5\/16\u201d(8mm) at 45\u00b0 <br \/>Bevel height Max. 1\/4\u201d (6mm) at 45\u00b0 <br \/>Bevel angle 30\u00b0 \/ 37,5\u00b0 \/ 45\u00b0 <br \/>Radius 1\/8\u201d (3 mm), 5\/32\u201d (4mm) <br \/>Milling head equipment 3 x KX insert <br \/>Support plate diameter 4-5\/8\u201d (118mm) <br \/>Power consumption 1,500 W <br \/>Current consumption 13 A <br \/>No-load speed 2,300\u20137,500 rpm <br \/>Weight 10 lbs (4.6 kg) <br \/>Part number 7 238 17 61 09 0 <\/span><\/p>\n<p>[\/et_pb_text][\/et_pb_column_inner][\/et_pb_row_inner][et_pb_row_inner column_structure=&#8221;1_2,1_2&#8243; _builder_version=&#8221;4.27.4&#8243; _module_preset=&#8221;default&#8221; custom_margin=&#8221;||24px||false|false&#8221; custom_padding=&#8221;|12px||6px|false|false&#8221; border_width_all=&#8221;1px&#8221; global_colors_info=&#8221;{}&#8221;][et_pb_column_inner type=&#8221;1_2&#8243; saved_specialty_column_type=&#8221;3_4&#8243; _builder_version=&#8221;4.27.4&#8243; _module_preset=&#8221;default&#8221; global_colors_info=&#8221;{}&#8221;][et_pb_image src=&#8221;https:\/\/outillagemeunier.com\/wp-content\/uploads\/2025\/06\/KFH-17-15-RT.jpg&#8221; title_text=&#8221;Screenshot&#8221; _builder_version=&#8221;4.27.4&#8243; _module_preset=&#8221;default&#8221; global_colors_info=&#8221;{}&#8221;][\/et_pb_image][\/et_pb_column_inner][et_pb_column_inner type=&#8221;1_2&#8243; saved_specialty_column_type=&#8221;3_4&#8243; _builder_version=&#8221;4.27.4&#8243; _module_preset=&#8221;default&#8221; global_colors_info=&#8221;{}&#8221;][et_pb_text _builder_version=&#8221;4.27.4&#8243; _module_preset=&#8221;default&#8221; global_colors_info=&#8221;{}&#8221;]<\/p>\n<h2 align=\"left\">KFH 17-15 RT<\/h2>\n<p><strong>Variable speed beveler with booster and spring technology<\/strong><\/p>\n<p data-placeholder=\"Traduction\" id=\"tw-target-text\" data-ved=\"2ahUKEwiy_a-orNqNAxWuLFkFHUCfHT8Q3ewLegQICxAV\" dir=\"ltr\" aria-label=\"Texte traduit : CARACT\u00c9RISTIQUES TECHNIQUES KFH 17-8 RT Longueur de chanfrein : 8 mm max. \u00e0 45\u00b0 Hauteur de chanfrein : 6 mm max. \u00e0 45\u00b0 Angle de chanfrein : 30\u00b0 \/ 37,5\u00b0 \/ 45\u00b0 Rayon : 3 mm, 4 mm T\u00eate de fraisage : 3 plaquettes KX Diam\u00e8tre de la plaque de support : 118 mm Puissance : 1 500 W Courant : 13 A Vitesse \u00e0 vide : 2 300\u20137 500 tr\/min Poids : 4,6 kg R\u00e9f\u00e9rence : 7 238 17 61 09 0\">TECHNICAL SPECIFICATIONS <br \/>Bevel length Max. 5\/8\u201d (15 mm) at 45\u00b0 <br \/>Bevel height Max. 7\/16\u201d (11mm) at 45\u00b0 <br \/>Bevel angle 30\u00b0 \/ 37,5\u00b0 \/ 45\u00b0 <br \/>Radius 1\/8\u201d (3 mm), 5\/32\u201d (4mm) <br \/>Milling head equipment 3 x 2 = 2 rows of 3 inserts <br \/>Support plate diameter 5-7\/16\u201d (137mm) <br \/>Power consumption 1,500 W <br \/>Current consumption 13 A <br \/>No-load speed 2,300\u20137,500 rpm <br \/>Weight 14.1 lbs. (6.4kg) <br \/>Part number 7 238 19 61 09 0<\/p>\n<p>[\/et_pb_text][\/et_pb_column_inner][\/et_pb_row_inner][\/et_pb_column][\/et_pb_section]<\/p>\n","protected":false},"excerpt":{"rendered":"<p>TOOLSCordless Impact WrenchChamfering MachineAnnular KnivesGeneratorBits, Drills and SharpenerSanding ModuleIndustrial Ultrasonic CleanerPrecision ToolsMagnetic DrillsGrinderWelding and TorchesSaw, Band Saw and Cut-Off SawIndustrial Hydraulic CylindersThis tool can bevel straight edges, contours and cutouts. Chamfering machines bring innovation and a revolutionary new solution to chamfering. This new technology allows you to bevel steel plates much faster and with a [&hellip;]<\/p>\n","protected":false},"author":1,"featured_media":0,"parent":0,"menu_order":0,"comment_status":"closed","ping_status":"closed","template":"","meta":{"_et_pb_use_builder":"on","_et_pb_old_content":"","_et_gb_content_width":"","footnotes":""},"class_list":["post-2872","page","type-page","status-publish","hentry"],"_links":{"self":[{"href":"https:\/\/outillagemeunier.com\/en\/wp-json\/wp\/v2\/pages\/2872","targetHints":{"allow":["GET"]}}],"collection":[{"href":"https:\/\/outillagemeunier.com\/en\/wp-json\/wp\/v2\/pages"}],"about":[{"href":"https:\/\/outillagemeunier.com\/en\/wp-json\/wp\/v2\/types\/page"}],"author":[{"embeddable":true,"href":"https:\/\/outillagemeunier.com\/en\/wp-json\/wp\/v2\/users\/1"}],"replies":[{"embeddable":true,"href":"https:\/\/outillagemeunier.com\/en\/wp-json\/wp\/v2\/comments?post=2872"}],"version-history":[{"count":14,"href":"https:\/\/outillagemeunier.com\/en\/wp-json\/wp\/v2\/pages\/2872\/revisions"}],"predecessor-version":[{"id":6341,"href":"https:\/\/outillagemeunier.com\/en\/wp-json\/wp\/v2\/pages\/2872\/revisions\/6341"}],"wp:attachment":[{"href":"https:\/\/outillagemeunier.com\/en\/wp-json\/wp\/v2\/media?parent=2872"}],"curies":[{"name":"wp","href":"https:\/\/api.w.org\/{rel}","templated":true}]}}