{"id":2896,"date":"2024-01-30T00:01:09","date_gmt":"2024-01-29T20:01:09","guid":{"rendered":"https:\/\/meunier.point-virgule.biz\/tips-regulations\/"},"modified":"2025-01-20T22:43:06","modified_gmt":"2025-01-20T18:43:06","slug":"tips-regulations","status":"publish","type":"page","link":"https:\/\/outillagemeunier.com\/en\/tips-regulations\/","title":{"rendered":"Tips \/ Regulations"},"content":{"rendered":"<p>[et_pb_section fb_built=&#8221;1&#8243; _builder_version=&#8221;4.24.0&#8243; _module_preset=&#8221;default&#8221; background_color=&#8221;#e50012&#8243; background_image=&#8221;https:\/\/outillagemeunier.com\/wp-content\/uploads\/2024\/01\/iStock-1253592157-scaled.jpg&#8221; background_blend=&#8221;multiply&#8221; custom_padding=&#8221;5px||17px|||&#8221; global_colors_info=&#8221;{}&#8221;][et_pb_row _builder_version=&#8221;4.23.4&#8243; _module_preset=&#8221;default&#8221; min_height=&#8221;76.6px&#8221; custom_padding=&#8221;||2px|||&#8221; global_colors_info=&#8221;{}&#8221;][et_pb_column type=&#8221;4_4&#8243; _builder_version=&#8221;4.23.4&#8243; _module_preset=&#8221;default&#8221; global_colors_info=&#8221;{}&#8221;][et_pb_text _builder_version=&#8221;4.27.4&#8243; _module_preset=&#8221;default&#8221; header_text_align=&#8221;center&#8221; header_text_color=&#8221;#FFFFFF&#8221; header_text_shadow_style=&#8221;preset3&#8243; global_colors_info=&#8221;{}&#8221;]<\/p>\n<h1>HEALTH AND SAFETY<\/h1>\n<p>[\/et_pb_text][\/et_pb_column][\/et_pb_row][\/et_pb_section][et_pb_section fb_built=&#8221;1&#8243; specialty=&#8221;on&#8221; _builder_version=&#8221;4.24.0&#8243; _module_preset=&#8221;default&#8221; custom_padding=&#8221;11px|||||&#8221; global_colors_info=&#8221;{}&#8221;][et_pb_column type=&#8221;1_4&#8243; _builder_version=&#8221;4.16&#8243; custom_padding=&#8221;|||&#8221; global_colors_info=&#8221;{}&#8221; custom_padding__hover=&#8221;|||&#8221;][et_pb_text disabled_on=&#8221;on|off|off&#8221; _builder_version=&#8221;4.24.0&#8243; _module_preset=&#8221;default&#8221; text_font=&#8221;|700|||||||&#8221; text_font_size=&#8221;14px&#8221; text_line_height=&#8221;1.8em&#8221; custom_padding=&#8221;12px|12px|12px|12px|true|true&#8221; border_width_left=&#8221;5px&#8221; border_color_left=&#8221;#e50012&#8243; box_shadow_style=&#8221;preset1&#8243; global_colors_info=&#8221;{}&#8221;]<\/p>\n<p><a href=\"\/conseils-reglement\">Tips \/ Regulations<\/a><br \/><a href=\"https:\/\/outillagemeunier.com\/en\/gas-detectors\/\">Gas Detectors<\/a><br \/><a href=\"https:\/\/outillagemeunier.com\/en\/electric-arc-prevention\/\">Electric Arc Prevention<\/a><br \/><a href=\"https:\/\/outillagemeunier.com\/en\/ear-protection\/\">Ear Protection<\/a><br \/><a href=\"https:\/\/outillagemeunier.com\/en\/protection-against-falls\/\">Protection Against Falls<\/a><br \/><a href=\"https:\/\/outillagemeunier.com\/en\/respiratory-protection\/\">Respiratory Protection<\/a><br \/><a href=\"\/protection-de-la-tete\">Head Protection<\/a><br \/><a href=\"https:\/\/outillagemeunier.com\/en\/face-protection\/\">Face Protection<\/a><br \/><a href=\"https:\/\/outillagemeunier.com\/en\/first-aid\/\">First Aid<\/a><br \/><a href=\"https:\/\/outillagemeunier.com\/en\/safety-clothing-for-traffic\/\">Protective Clothing<\/a><\/p>\n<p>[\/et_pb_text][\/et_pb_column][et_pb_column type=&#8221;3_4&#8243; specialty_columns=&#8221;3&#8243; _builder_version=&#8221;4.16&#8243; custom_padding=&#8221;|||&#8221; global_colors_info=&#8221;{}&#8221; custom_padding__hover=&#8221;|||&#8221;][et_pb_row_inner _builder_version=&#8221;4.23.4&#8243; _module_preset=&#8221;default&#8221; custom_padding=&#8221;14px||2px|||&#8221; global_colors_info=&#8221;{}&#8221;][et_pb_column_inner saved_specialty_column_type=&#8221;3_4&#8243; _builder_version=&#8221;4.23.4&#8243; _module_preset=&#8221;default&#8221; global_colors_info=&#8221;{}&#8221;][et_pb_text _builder_version=&#8221;4.24.0&#8243; _dynamic_attributes=&#8221;content&#8221; _module_preset=&#8221;default&#8221; header_text_align=&#8221;center&#8221; header_text_color=&#8221;#000000&#8243; custom_margin=&#8221;||-6px|||&#8221; locked=&#8221;off&#8221; global_colors_info=&#8221;{}&#8221;]@ET-DC@eyJkeW5hbWljIjp0cnVlLCJjb250ZW50IjoicG9zdF90aXRsZSIsInNldHRpbmdzIjp7ImJlZm9yZSI6IjxoMT4iLCJhZnRlciI6IjwvaDE+In19@[\/et_pb_text][\/et_pb_column_inner][\/et_pb_row_inner][et_pb_row_inner _builder_version=&#8221;4.24.0&#8243; _module_preset=&#8221;default&#8221; custom_padding=&#8221;13px|||||&#8221; global_colors_info=&#8221;{}&#8221;][et_pb_column_inner saved_specialty_column_type=&#8221;3_4&#8243; _builder_version=&#8221;4.24.0&#8243; _module_preset=&#8221;default&#8221; global_colors_info=&#8221;{}&#8221;][et_pb_text _builder_version=&#8221;4.27.4&#8243; _module_preset=&#8221;default&#8221; text_font=&#8221;Gotham medium||||||||&#8221; text_font_size=&#8221;19px&#8221; hover_enabled=&#8221;0&#8243; global_colors_info=&#8221;{}&#8221; sticky_enabled=&#8221;0&#8243;]<\/p>\n<p>Are you looking for advice on which cartridge to use with your half-mask? What are the safety and prevention solutions with regards to compressed air? How to follow the best practices while using your respiratory protection?<span>\u00a0<\/span><a href=\"https:\/\/outillagemeunier.com\/en\/professional-advice\/\">Just click here<\/a><\/p>\n<p>Need for the official Quebec reference on Health and Safety applied to work environment? You can go through the \u201cR\u00e8glement de la Sant\u00e9 et de la S\u00e9curit\u00e9 au travail\u00a0\u00bb &#8211;<span>\u00a0<\/span><a href=\"https:\/\/www.legisquebec.gouv.qc.ca\/fr\/document\/rc\/S-2.1,%20r.%2013?langCont=fr\" target=\"_blank\" rel=\"noopener\">in french only<\/a>.<\/p>\n<p>&nbsp;<\/p>\n<p>[\/et_pb_text][\/et_pb_column_inner][\/et_pb_row_inner][\/et_pb_column][\/et_pb_section]<\/p>\n","protected":false},"excerpt":{"rendered":"<p>HEALTH AND SAFETYTips \/ RegulationsGas DetectorsElectric Arc PreventionEar ProtectionProtection Against FallsRespiratory ProtectionHead ProtectionFace ProtectionFirst AidProtective ClothingAre you looking for advice on which cartridge to use with your half-mask? What are the safety and prevention solutions with regards to compressed air? How to follow the best practices while using your respiratory protection?\u00a0Just click here Need for [&hellip;]<\/p>\n","protected":false},"author":1,"featured_media":0,"parent":0,"menu_order":0,"comment_status":"closed","ping_status":"closed","template":"","meta":{"_et_pb_use_builder":"on","_et_pb_old_content":"","_et_gb_content_width":"","footnotes":""},"class_list":["post-2896","page","type-page","status-publish","hentry"],"_links":{"self":[{"href":"https:\/\/outillagemeunier.com\/en\/wp-json\/wp\/v2\/pages\/2896","targetHints":{"allow":["GET"]}}],"collection":[{"href":"https:\/\/outillagemeunier.com\/en\/wp-json\/wp\/v2\/pages"}],"about":[{"href":"https:\/\/outillagemeunier.com\/en\/wp-json\/wp\/v2\/types\/page"}],"author":[{"embeddable":true,"href":"https:\/\/outillagemeunier.com\/en\/wp-json\/wp\/v2\/users\/1"}],"replies":[{"embeddable":true,"href":"https:\/\/outillagemeunier.com\/en\/wp-json\/wp\/v2\/comments?post=2896"}],"version-history":[{"count":12,"href":"https:\/\/outillagemeunier.com\/en\/wp-json\/wp\/v2\/pages\/2896\/revisions"}],"predecessor-version":[{"id":4605,"href":"https:\/\/outillagemeunier.com\/en\/wp-json\/wp\/v2\/pages\/2896\/revisions\/4605"}],"wp:attachment":[{"href":"https:\/\/outillagemeunier.com\/en\/wp-json\/wp\/v2\/media?parent=2896"}],"curies":[{"name":"wp","href":"https:\/\/api.w.org\/{rel}","templated":true}]}}