{"id":3023,"date":"2024-01-16T17:52:37","date_gmt":"2024-01-16T13:52:37","guid":{"rendered":"https:\/\/meunier.point-virgule.biz\/tools-and-equipment\/"},"modified":"2025-03-05T17:47:35","modified_gmt":"2025-03-05T13:47:35","slug":"tools-and-equipment","status":"publish","type":"page","link":"https:\/\/outillagemeunier.com\/en\/tools-and-equipment\/","title":{"rendered":"TOOLS AND EQUIPMENT"},"content":{"rendered":"<p>[et_pb_section fb_built=&#8221;1&#8243; _builder_version=&#8221;4.24.0&#8243; _module_preset=&#8221;default&#8221; background_color=&#8221;#e50012&#8243; background_image=&#8221;https:\/\/outillagemeunier.com\/wp-content\/uploads\/2024\/01\/iStock-1253592157-scaled.jpg&#8221; background_blend=&#8221;multiply&#8221; custom_padding=&#8221;5px||17px|||&#8221; global_colors_info=&#8221;{}&#8221;][et_pb_row _builder_version=&#8221;4.23.4&#8243; _module_preset=&#8221;default&#8221; global_colors_info=&#8221;{}&#8221;][et_pb_column type=&#8221;4_4&#8243; _builder_version=&#8221;4.23.4&#8243; _module_preset=&#8221;default&#8221; global_colors_info=&#8221;{}&#8221;][et_pb_text _builder_version=&#8221;4.23.4&#8243; _dynamic_attributes=&#8221;content&#8221; _module_preset=&#8221;default&#8221; header_text_align=&#8221;center&#8221; header_text_color=&#8221;#FFFFFF&#8221; header_text_shadow_style=&#8221;preset3&#8243; header_text_shadow_vertical_length=&#8221;-0.02em&#8221; header_text_shadow_blur_strength=&#8221;0.29em&#8221; header_text_shadow_color=&#8221;#000000&#8243; global_colors_info=&#8221;{}&#8221;]@ET-DC@eyJkeW5hbWljIjp0cnVlLCJjb250ZW50IjoicG9zdF90aXRsZSIsInNldHRpbmdzIjp7ImJlZm9yZSI6IjxoMT4iLCJhZnRlciI6IjxcL2gxPiJ9fQ==@[\/et_pb_text][\/et_pb_column][\/et_pb_row][\/et_pb_section][et_pb_section fb_built=&#8221;1&#8243; _builder_version=&#8221;4.23.4&#8243; _module_preset=&#8221;default&#8221; custom_margin=&#8221;-25px|||||&#8221; custom_padding=&#8221;23px||23px|||&#8221; global_colors_info=&#8221;{}&#8221;][et_pb_row column_structure=&#8221;1_3,2_3&#8243; module_id=&#8221;inverse&#8221; module_class=&#8221;inverse&#8221; _builder_version=&#8221;4.23.4&#8243; _module_preset=&#8221;default&#8221; custom_padding=&#8221;||0px|||&#8221; global_colors_info=&#8221;{}&#8221;][et_pb_column type=&#8221;1_3&#8243; _builder_version=&#8221;4.23.4&#8243; _module_preset=&#8221;default&#8221; global_colors_info=&#8221;{}&#8221;][et_pb_text _builder_version=&#8221;4.25.1&#8243; _module_preset=&#8221;default&#8221; text_font=&#8221;Gotham medium||||||||&#8221; custom_padding=&#8221;12px|12px|12px|12px|false|false&#8221; hover_enabled=&#8221;0&#8243; box_shadow_style=&#8221;preset1&#8243; global_colors_info=&#8221;{}&#8221; sticky_enabled=&#8221;0&#8243;]<\/p>\n<p style=\"text-align: left;\"><a href=\"https:\/\/outillagemeunier.com\/nouveaute\/\">Nouveaux produits<\/a><\/p>\n<p style=\"text-align: left;\"><a href=\"https:\/\/outillagemeunier.com\/outils\/\">Outils<\/a><\/p>\n<p style=\"text-align: left;\"><a href=\"https:\/\/outillagemeunier.com\/sante_et_securite\/\">Sant\u00e9 et s\u00e9curit\u00e9<\/a><\/p>\n<p style=\"text-align: left;\"><a href=\"https:\/\/outillagemeunier.com\/manutention-et-entreposage\/\">Manutention et entreposage<\/a><\/p>\n<p style=\"text-align: left;\"><a href=\"https:\/\/outillagemeunier.com\/magasin-satellite\/\">Magasin satellite<\/a><\/p>\n<p style=\"text-align: left;\"><a href=\"https:\/\/outillagemeunier.com\/centre-de-reparation\/\">Centre de r\u00e9paration<\/a><\/p>\n<p>[\/et_pb_text][\/et_pb_column][et_pb_column type=&#8221;2_3&#8243; _builder_version=&#8221;4.23.4&#8243; _module_preset=&#8221;default&#8221; global_colors_info=&#8221;{}&#8221;][et_pb_text _builder_version=&#8221;4.23.4&#8243; _module_preset=&#8221;default&#8221; text_font=&#8221;Gotham medium||||||||&#8221; custom_margin=&#8221;||-3px|||&#8221; global_colors_info=&#8221;{}&#8221;]<\/p>\n<p>New Products Tools Health and Security Handling and Storage Satellite Store Tools Repair Centre Today&#8217;s businesses operate in markets where their customers have increasingly complex needs. To meet these challenges, businesses must be on the lookout for technological changes that can help them meet these new customer demands.<\/p>\n<p>At <strong>Meunier Outillage<\/strong>, we are here to support you in these technological changes by offering you products, equipment and solutions to allow you to optimize your work at your factory, on your job site and at home.<\/p>\n<p>Visit our <strong>Products and Services<\/strong> section to see the great selection of tools, equipment and solutions of all kinds that you can get from us.<\/p>\n<p>[\/et_pb_text][et_pb_image src=&#8221;https:\/\/outillagemeunier.com\/wp-content\/uploads\/2024\/01\/casque-et-gants.png&#8221; title_text=&#8221;casque-et-gants&#8221; _builder_version=&#8221;4.23.4&#8243; _module_preset=&#8221;default&#8221; width=&#8221;64%&#8221; global_colors_info=&#8221;{}&#8221;][\/et_pb_image][\/et_pb_column][\/et_pb_row][\/et_pb_section][et_pb_section fb_built=&#8221;1&#8243; _builder_version=&#8221;4.23.4&#8243; _module_preset=&#8221;default&#8221; background_color=&#8221;rgba(0,0,0,0.13)&#8221; custom_padding=&#8221;0px||0px|||&#8221; global_colors_info=&#8221;{}&#8221;][\/et_pb_section]<\/p>\n","protected":false},"excerpt":{"rendered":"<p>Nouveaux produits Outils Sant\u00e9 et s\u00e9curit\u00e9 Manutention et entreposage Magasin satellite Centre de r\u00e9parationNew Products Tools Health and Security Handling and Storage Satellite Store Tools Repair Centre Today&#8217;s businesses operate in markets where their customers have increasingly complex needs. To meet these challenges, businesses must be on the lookout for technological changes that can help [&hellip;]<\/p>\n","protected":false},"author":1,"featured_media":0,"parent":0,"menu_order":0,"comment_status":"closed","ping_status":"closed","template":"","meta":{"_et_pb_use_builder":"on","_et_pb_old_content":"","_et_gb_content_width":"","footnotes":""},"class_list":["post-3023","page","type-page","status-publish","hentry"],"_links":{"self":[{"href":"https:\/\/outillagemeunier.com\/en\/wp-json\/wp\/v2\/pages\/3023","targetHints":{"allow":["GET"]}}],"collection":[{"href":"https:\/\/outillagemeunier.com\/en\/wp-json\/wp\/v2\/pages"}],"about":[{"href":"https:\/\/outillagemeunier.com\/en\/wp-json\/wp\/v2\/types\/page"}],"author":[{"embeddable":true,"href":"https:\/\/outillagemeunier.com\/en\/wp-json\/wp\/v2\/users\/1"}],"replies":[{"embeddable":true,"href":"https:\/\/outillagemeunier.com\/en\/wp-json\/wp\/v2\/comments?post=3023"}],"version-history":[{"count":7,"href":"https:\/\/outillagemeunier.com\/en\/wp-json\/wp\/v2\/pages\/3023\/revisions"}],"predecessor-version":[{"id":4962,"href":"https:\/\/outillagemeunier.com\/en\/wp-json\/wp\/v2\/pages\/3023\/revisions\/4962"}],"wp:attachment":[{"href":"https:\/\/outillagemeunier.com\/en\/wp-json\/wp\/v2\/media?parent=3023"}],"curies":[{"name":"wp","href":"https:\/\/api.w.org\/{rel}","templated":true}]}}